{"id":1246,"date":"2024-09-04T14:55:19","date_gmt":"2024-09-04T07:55:19","guid":{"rendered":"https:\/\/alphagreenvina.com\/?post_type=product&#038;p=1246"},"modified":"2024-09-04T14:55:19","modified_gmt":"2024-09-04T07:55:19","slug":"kinh-kinh-ram","status":"publish","type":"product","link":"https:\/\/alphagreenvina.com\/?product=kinh-kinh-ram","title":{"rendered":"K\u00cdNH, K\u00cdNH R\u00c2M"},"content":{"rendered":"","protected":false},"excerpt":{"rendered":"","protected":false},"featured_media":1243,"comment_status":"closed","ping_status":"closed","template":"","meta":[],"product_cat":[15],"product_tag":[],"class_list":{"0":"post-1246","1":"product","2":"type-product","3":"status-publish","4":"has-post-thumbnail","6":"product_cat-san-pham","8":"first","9":"instock","10":"shipping-taxable","11":"product-type-simple"},"_links":{"self":[{"href":"https:\/\/alphagreenvina.com\/index.php?rest_route=\/wp\/v2\/product\/1246","targetHints":{"allow":["GET"]}}],"collection":[{"href":"https:\/\/alphagreenvina.com\/index.php?rest_route=\/wp\/v2\/product"}],"about":[{"href":"https:\/\/alphagreenvina.com\/index.php?rest_route=\/wp\/v2\/types\/product"}],"replies":[{"embeddable":true,"href":"https:\/\/alphagreenvina.com\/index.php?rest_route=%2Fwp%2Fv2%2Fcomments&post=1246"}],"wp:featuredmedia":[{"embeddable":true,"href":"https:\/\/alphagreenvina.com\/index.php?rest_route=\/wp\/v2\/media\/1243"}],"wp:attachment":[{"href":"https:\/\/alphagreenvina.com\/index.php?rest_route=%2Fwp%2Fv2%2Fmedia&parent=1246"}],"wp:term":[{"taxonomy":"product_cat","embeddable":true,"href":"https:\/\/alphagreenvina.com\/index.php?rest_route=%2Fwp%2Fv2%2Fproduct_cat&post=1246"},{"taxonomy":"product_tag","embeddable":true,"href":"https:\/\/alphagreenvina.com\/index.php?rest_route=%2Fwp%2Fv2%2Fproduct_tag&post=1246"}],"curies":[{"name":"wp","href":"https:\/\/api.w.org\/{rel}","templated":true}]}}