{"id":1192,"date":"2024-09-03T10:14:14","date_gmt":"2024-09-03T03:14:14","guid":{"rendered":"https:\/\/alphagreenvina.com\/?post_type=product&#038;p=1192"},"modified":"2024-09-04T14:33:24","modified_gmt":"2024-09-04T07:33:24","slug":"upper-lower-case-2","status":"publish","type":"product","link":"https:\/\/alphagreenvina.com\/?product=upper-lower-case-2","title":{"rendered":"Ph\u1ee5 t\u00f9ng li\u00ean quan \u0111\u1ed3 trang s\u1ee9c (Bluetooth Earphone)"},"content":{"rendered":"<p><img loading=\"lazy\" decoding=\"async\" class=\"alignnone size-full wp-image-1193\" src=\"https:\/\/alphagreenvina.com\/wp-content\/uploads\/2024\/09\/Anh-man-hinh-2024-09-03-luc-10.13.45.png\" alt=\"\" width=\"810\" height=\"604\" srcset=\"https:\/\/alphagreenvina.com\/wp-content\/uploads\/2024\/09\/Anh-man-hinh-2024-09-03-luc-10.13.45.png 810w, https:\/\/alphagreenvina.com\/wp-content\/uploads\/2024\/09\/Anh-man-hinh-2024-09-03-luc-10.13.45-536x400.png 536w, https:\/\/alphagreenvina.com\/wp-content\/uploads\/2024\/09\/Anh-man-hinh-2024-09-03-luc-10.13.45-768x573.png 768w, https:\/\/alphagreenvina.com\/wp-content\/uploads\/2024\/09\/Anh-man-hinh-2024-09-03-luc-10.13.45-600x447.png 600w\" sizes=\"auto, (max-width: 810px) 100vw, 810px\" \/><img loading=\"lazy\" decoding=\"async\" class=\"alignnone size-full wp-image-1234\" src=\"https:\/\/alphagreenvina.com\/wp-content\/uploads\/2024\/09\/2.png\" alt=\"\" width=\"693\" height=\"428\" srcset=\"https:\/\/alphagreenvina.com\/wp-content\/uploads\/2024\/09\/2.png 693w, https:\/\/alphagreenvina.com\/wp-content\/uploads\/2024\/09\/2-600x371.png 600w\" sizes=\"auto, (max-width: 693px) 100vw, 693px\" \/><\/p>\n","protected":false},"excerpt":{"rendered":"","protected":false},"featured_media":1193,"comment_status":"closed","ping_status":"closed","template":"","meta":[],"product_cat":[15],"product_tag":[],"class_list":{"0":"post-1192","1":"product","2":"type-product","3":"status-publish","4":"has-post-thumbnail","6":"product_cat-san-pham","8":"first","9":"instock","10":"shipping-taxable","11":"product-type-simple"},"_links":{"self":[{"href":"https:\/\/alphagreenvina.com\/index.php?rest_route=\/wp\/v2\/product\/1192","targetHints":{"allow":["GET"]}}],"collection":[{"href":"https:\/\/alphagreenvina.com\/index.php?rest_route=\/wp\/v2\/product"}],"about":[{"href":"https:\/\/alphagreenvina.com\/index.php?rest_route=\/wp\/v2\/types\/product"}],"replies":[{"embeddable":true,"href":"https:\/\/alphagreenvina.com\/index.php?rest_route=%2Fwp%2Fv2%2Fcomments&post=1192"}],"wp:featuredmedia":[{"embeddable":true,"href":"https:\/\/alphagreenvina.com\/index.php?rest_route=\/wp\/v2\/media\/1193"}],"wp:attachment":[{"href":"https:\/\/alphagreenvina.com\/index.php?rest_route=%2Fwp%2Fv2%2Fmedia&parent=1192"}],"wp:term":[{"taxonomy":"product_cat","embeddable":true,"href":"https:\/\/alphagreenvina.com\/index.php?rest_route=%2Fwp%2Fv2%2Fproduct_cat&post=1192"},{"taxonomy":"product_tag","embeddable":true,"href":"https:\/\/alphagreenvina.com\/index.php?rest_route=%2Fwp%2Fv2%2Fproduct_tag&post=1192"}],"curies":[{"name":"wp","href":"https:\/\/api.w.org\/{rel}","templated":true}]}}