{"id":515,"date":"2021-12-15T09:38:16","date_gmt":"2021-12-15T02:38:16","guid":{"rendered":"https:\/\/cuonghai.com\/w\/thangmaydieuhoa\/?page_id=515"},"modified":"2024-09-06T13:42:51","modified_gmt":"2024-09-06T06:42:51","slug":"gioi-thieu","status":"publish","type":"page","link":"https:\/\/alphagreenvina.com\/?page_id=515","title":{"rendered":"Gi\u1edbi thi\u1ec7u"},"content":{"rendered":"<h2 class=\"art-postheader\"><strong>GI\u1edaI THI\u1ec6U C\u00d4NG TY TNHH ALPHA GREEN TECH VINA<\/strong><\/h2>\n<p>&nbsp;<\/p>\n<p>L\u1eddi \u0111\u1ea7u ti\u00ean ch\u00fang t\u00f4i xin g\u1eedi l\u1eddi c\u1ea3m \u01a1n ch\u00e2n th\u00e0nh t\u1edbi qu\u00fd kh\u00e1ch h\u00e0ng \u0111\u00e3 gh\u00e9 th\u0103m c\u00f4ng ty ch\u00fang t\u00f4i.<br \/>\nV\u1edbi \u00fd ni\u1ec7m r\u1eb1ng \u201cni\u1ec1m tin\u201d l\u00e0 t\u00e0i s\u1ea3n qu\u00fd gi\u00e1 nh\u1ea5t, ch\u00fang t\u00f4i lu\u00f4n coi kh\u00e1ch h\u00e0ng l\u00e0 gia \u0111\u00ecnh v\u00e0 ti\u1ebfn h\u00e0nh \u0111\u00e0o t\u1ea1o v\u00e0 s\u1ea3n xu\u1ea5t \u0111\u1ec3 t\u1ea1o ra gi\u00e1 tr\u1ecb cho kh\u00e1ch h\u00e0ng.<br \/>\nCh\u00fang t\u00f4i h\u1ee9a h\u1eb9n s\u1ebd l\u00e0 m\u1ed9t \u0111\u1ed1i t\u00e1c tuy\u1ec7t v\u1eddi trong t\u01b0\u01a1ng lai khi h\u1ee3p t\u00e1c v\u1edbi b\u1ea1n.<br \/>\nC\u1ea3m \u01a1n qu\u00fd kh\u00e1ch h\u00e0ng!<\/p>\n<div class=\"art-postcontent clearfix\">\n<div class=\"art-article\">\n<p><strong>1\/Qu\u00e1 tr\u00ecnh h\u00ecnh th\u00e0nh v\u00e0 ph\u00e1t tri\u1ec3n<\/strong><\/p>\n<ul>\n<li><b>1983-2005: Th\u00e0nh l\u1eadp<\/b><\/li>\n<\/ul>\n<p>05.1983 : Th\u00e0nh l\u1eadp Daein Plastic (Seoul, Yang pyeong dong)<\/p>\n<p>07.2004 : Th\u00e0nh l\u1eadp DPM TECH (Incheon)<\/p>\n<p>03.2005 : Nh\u1eadn ch\u1ee9ng nh\u1eadn ISO9001 \/ ISO14001<\/p>\n<ul>\n<li><b><b>2006-2008: <\/b><\/b><b style=\"color: #555555;font-size: 14.4px\">X\u00e2y<\/b> <b style=\"color: #555555;font-size: 14.4px\">d\u1ef1ng<\/b> <b style=\"color: #555555;font-size: 14.4px\">n\u1ec1n<\/b> <b style=\"color: #555555;font-size: 14.4px\">t\u1ea3ng<\/b> <b style=\"color: #555555;font-size: 14.4px\">1<\/b><\/li>\n<\/ul>\n<p>05.2006 : X\u00e2y d\u1ef1ng ho\u00e0n th\u00e0nh nh\u00e0 m\u00e1y\u00a0t\u1ea1i th\u00e0nhph\u1ed1 Gumi<\/p>\n<p>03.2008 : X\u00e1c nh\u1eadn c\u00f4ng ngh\u1ec7 v\u1eeba nh\u1ecf \u0111\u1ed5i\u00a0m\u1edbi c\u00f4ng ngh\u1ec7 (Daegu, Gyeongbuk Qu\u1ea3n tr\u1ecb\u00a0 doanh nghi\u1ec7p v\u1eeba v\u00e0 nh\u1ecf)<\/p>\n<p>06.2008: Th\u00e0nh l\u1eadp Trung t\u00e2m R &amp; D (Hi\u1ec7p h\u1ed9i C\u00f4ng ngh\u1ec7 C\u00f4ng nghi\u1ec7p H\u00e0n Qu\u1ed1c), x\u00e2y d\u1ef1ng Ph\u00f2ng khu\u00f4n (s\u1edf h\u1eefu thi\u1ebft b\u1ecb ch\u1ebf t\u00e1c khu\u00f4n)<\/p>\n<\/div>\n<\/div>\n<ul>\n<li><b>2009-2011: <\/b><b>X\u00e2y<\/b> <b>d\u1ef1ng<\/b> <b>n\u1ec1n<\/b> <b>t\u1ea3ng<\/b> <b>2<\/b><\/li>\n<\/ul>\n<p>03. 2009 : Nh\u1eadn ch\u1ee9ng nh\u1eadn SQ MARK<br \/>\n12. 2009 : Nh\u1eadn ch\u1ee9ng nh\u1eadnISO \/ TS 16949<br \/>\n03. 2010 : X\u00e2y d\u1ef1ng th\u00eam nh\u00e0 x\u01b0\u1edfng ch\u1ebf t\u00e1c khu\u00f4n<br \/>\n12. 2010 : C\u00f4ng ty c\u00f4ng ngh\u1ec7 cao Daegu, Gyeongbuk s\u1ed1 1<br \/>\n(Ban qu\u1ea3n tr\u1ecb c\u00f4ng ty v\u1eeba v\u00e0 nh\u1ecf)<br \/>\n05. 2011 :Th\u00e0nh l\u1eadp Daein china (Dongguan)<\/p>\n<ul>\n<li><b><b>2012-Nay: <b style=\"color: #555555;font-size: 14.4px\">B\u01b0\u1edbc<\/b> <b style=\"color: #555555;font-size: 14.4px\">nh\u1ea3y<\/b> <b style=\"color: #555555;font-size: 14.4px\">v\u1ecdt<\/b> <b style=\"color: #555555;font-size: 14.4px\">v\u00e0<\/b> <b style=\"color: #555555;font-size: 14.4px\">t\u0103ng<\/b> <b style=\"color: #555555;font-size: 14.4px\">tr\u01b0\u1edfng<\/b><br \/>\n<\/b><\/b><\/li>\n<\/ul>\n<p>05. 2013 : M\u1edf r\u1ed9ng nh\u00e0 m\u00e1y x\u00e2y th\u00eam m\u1ed9t t\u00f2a m\u1edbi, ph\u00f2ng khu\u00f4n (Gumi)<br \/>\n05. 2013 : Th\u00e0nh l\u1eadp Trung t\u00e2m R &amp; D<br \/>\n12. 2013 : \u0110\u01b0\u1ee3c ch\u1ecdn l\u00e0 m\u1ed9t c\u00f4ng ty t\u1ea1o vi\u1ec7c l\u00e0m xu\u1ea5t s\u1eafc (UBND t\u1ec9nh Gyeongbuk)<br \/>\n02. 2014 : C\u00f4ng ty t\u1ed1t nh\u1ea5t n\u0103m 2015 (T\u00f2a th\u1ecb ch\u00ednh Gumi)<br \/>\n12. 2014. : CEO xu\u1ea5t s\u1eafc trong c\u00f4ng ty v\u1eeba v\u00e0 nh\u1ecf (T\u00f2a th\u1ecb ch\u00ednh Gumi)<br \/>\n08. 2018 : Ph\u00e1t tri\u1ec3n v\u00e0 xu\u1ea5t kh\u1ea9u k\u00ednh m\u1eaft \/ k\u00ednh th\u1ec3 thao (Meganetop, Nh\u1eadt B\u1ea3n)<\/p>\n<p>03.2019\u00a0 : \u0110\u0103ng k\u00fd b\u1eb1ng s\u00e1ng ch\u1ebf 10-16822494<\/p>\n<p>02.2019\u00a0 : M\u1edf r\u1ed9ng \u0111\u1ea7u t\u01b0 t\u1ea1i Vi\u1ec7t Nam<\/p>\n<p>03.2020\u00a0 : Th\u00e0nh l\u1eadp nh\u00e0 m\u00e1y ALPHA GREEN TECH VINA<\/p>\n<p><strong style=\"font-size: 14.4px\">2\/M\u1ee5c ti\u00eau ch\u1ea5t l\u01b0\u1ee3ng<\/strong><\/p>\n<div class=\"art-postcontent clearfix\">\n<div class=\"art-article\">\n<p>\u25a3S\u1ef1 h\u00e0i l\u00f2ng v\u1ec1 ch\u1ea5t l\u01b0\u1ee3ng c\u1ee7a kh\u00e1ch h\u00e0ng<\/p>\n<p>\u25a3\u0110\u1ea1t \u0111\u01b0\u1ee3c m\u1ee5c ti\u00eau<\/p>\n<p>\u25a3X\u00e2y d\u1ef1ng h\u1ec7 th\u1ed1ng<\/p>\n<p><strong>3\/Ph\u01b0\u01a1ng ch\u00e2m ho\u1ea1t \u0111\u1ed9ng:<br \/>\n<\/strong><br \/>\nH\u00e3y tr\u1edf th\u00e0nh ng\u01b0\u1eddi \u201cc\u1ea7n thi\u1ebft\u201d trong x\u00e3 h\u1ed9i<\/p>\n<p><span class=\"textsize\"><strong>4\/K<\/strong><\/span><strong>h\u1ea9u hi\u1ec7u<\/strong><br \/>\nch\u00fang ta c\u00f3 th\u1ec3<br \/>\nch\u00fang ta ph\u1ea3i<br \/>\nCh\u00fang t\u00f4i b\u00e1m s\u00e1t nh\u1eefng \u0111i\u1ec1u c\u01a1 b\u1ea3n.<\/p>\n<p><span class=\"textsize\"><strong>5\/<\/strong><\/span><strong>C\u00e1c cam k\u1ebft<\/strong><\/p>\n<p><span class=\"textsize\">*<strong>V\u1ec1 ch\u1ea5t l\u01b0\u1ee3ng s\u1ea3n ph\u1ea9m<\/strong><\/span><\/p>\n<p><span class=\"textsize\">&#8211; \u00a0<\/span><span class=\"textsize\">\u0110\u1ea3m b\u1ea3o \u0111\u00fang ch\u1ee7ng lo\u1ea1i, m\u1eabu m\u00e3, quy c\u00e1ch s\u1ea3n ph\u1ea9m<\/span><\/p>\n<p><span class=\"textsize\">&#8211;\u00a0<\/span><span class=\"textsize\">\u00a0\u0110\u1ea3m b\u1ea3o ch\u00ednh x\u00e1c c\u00e1c th\u00f4ng s\u1ed1 thi\u1ebft k\u1ebf<\/span><\/p>\n<p><span class=\"textsize\">&#8211;\u00a0<\/span><span class=\"textsize\">\u00a0Lu\u00f4n s\u1eb5n s\u00e0ng h\u1ed7 tr\u1ee3 c\u00e1c \u0111\u1ed1i t\u00e1c t\u00ecm ki\u1ebfm nh\u1eefng m\u1eb7t h\u00e0ng m\u00e0 Qu\u00fd kh\u00e1ch h\u00e0ng ch\u01b0a c\u00f3 nh\u00e0 cung c\u1ea5p.<\/span><\/p>\n<p><span class=\"textsize\"><strong>* V\u1ec1 gi\u00e1 c\u1ea3<\/strong><\/span><\/p>\n<p><span class=\"textsize\">\u00a0 \u00a0 \u00a0&#8211;\u00a0<\/span><span class=\"textsize\">Ch\u00fang t\u00f4i lu\u00f4n coi Qu\u00fd kh\u00e1ch h\u00e0ng l\u00e0 m\u1ed9t kh\u00e1ch h\u00e0ng chi\u1ebfn l\u01b0\u1ee3c quan tr\u1ecdng n\u00ean \u0111\u01b0a ra m\u1ee9c gi\u00e1 mang t\u00ednh c\u1ea1nh tranh cao nh\u1ea5t. M\u1ee9c gi\u00e1 n\u00e0y kh\u00f4ng ch\u1ec9 th\u1ec3 hi\u1ec7n gi\u00e1 tr\u1ecb v\u1eadt ch\u1ea5t h\u1ee3p l\u00fd c\u1ee7a c\u00e1c m\u1eb7t h\u00e0ng m\u00e0 c\u00f2n th\u1ec3 hi\u1ec7n s\u1ef1 cam k\u1ebft c\u1ee7a ch\u00fang t\u00f4i s\u1ebd mang l\u1ea1i cho Qu\u00fd kh\u00e1ch h\u00e0ng c\u00e1c d\u1ecbch v\u1ee5 k\u00e8m theo t\u1ed1t nh\u1ea5t, \u0111\u00e1p \u1ee9ng \u0111\u01b0\u1ee3c s\u1ef1 mong \u0111\u1ee3i c\u1ee7a Qu\u00fd kh\u00e1ch h\u00e0ng. C\u00f4ng ty Alpha Green Tech Vina lu\u00f4n cung c\u1ea5p cho Qu\u00fd kh\u00e1ch h\u00e0ng c\u00e1c s\u1ea3n ph\u1ea9m t\u1ed1t v\u1edbi m\u1ee9c gi\u00e1 c\u1ea1nh tranh nh\u1ea5t so v\u1edbi c\u00e1c nh\u00e0 s\u1ea3n xu\u1ea5t kh\u00e1c.<\/span><\/p>\n<p>&#8211;\u00a0<span class=\"textsize\">\u00a0Khi c\u00f3 s\u1ef1 bi\u1ebfn \u0111\u1ed9ng v\u1ec1 gi\u00e1 c\u1ee7a c\u00e1c s\u1ea3n ph\u1ea9m tr\u00ean th\u1ecb tr\u01b0\u1eddng, ch\u00fang t\u00f4i s\u1ebd th\u00f4ng b\u00e1o cho Qu\u00fd kh\u00e1ch h\u00e0ng bi\u1ebft tr\u01b0\u1edbc s\u1ef1 l\u00ean xu\u1ed1ng v\u1ec1 gi\u00e1 nguy\u00ean v\u1eadt li\u1ec7u \u0111\u1ea7u v\u00e0o b\u1eb1ng v\u0103n b\u1ea3n. Gi\u00e1 m\u1edbi c\u1ee7a s\u1ea3n ph\u1ea9m ch\u1ec9 \u0111\u01b0\u1ee3c \u00e1p d\u1ee5ng sau khi Qu\u00fd kh\u00e1ch h\u00e0ng nh\u1eadn \u0111\u01b0\u1ee3c th\u00f4ng b\u00e1o v\u00e0 c\u00f3 s\u1ef1 th\u1ed1ng nh\u1ea5t gi\u1eefa hai b\u00ean.<\/span><\/p>\n<p><strong>6\/Th\u00f4ng tin c\u00f4ng ty<\/strong><\/p>\n<p><strong>T\u00ean c\u00f4ng ty:<\/strong> <strong>C\u00d4NG TY TNHH ALPHA GREEN TECH VINA\u00a0<\/strong><\/p>\n<\/div>\n<\/div>\n<p><strong>MST:<\/strong> 2400861180<\/p>\n<p><strong>\u0110\u1ecba ch\u1ec9:<\/strong> CN-05 Khu c\u00f4ng nghi\u1ec7p Ho\u00e0 Ph\u00fa, x\u00e3 Ch\u00e2u Minh, huy\u1ec7n Hi\u1ec7p Ho\u00e0, t\u1ec9nh B\u1eafc Giang, Vi\u1ec7t Nam<\/p>\n<p><strong>\u0110\u1ea1i di\u1ec7n:<\/strong> KIM JONG KUK\u00a0 \u00a0 \u00a0 \u00a0 \u00a0 \u00a0 \u00a0 \u00a0 \u00a0 \u00a0Ch\u1ee9c v\u1ee5: T\u1ed5ng gi\u00e1m \u0111\u1ed1c<\/p>\n<p><strong>S\u0110T:<\/strong> 02043660000<\/p>\n<p><strong>Email:<\/strong> <a href=\"mailto:alphagreentechvina@gmail.com\">alphagreentechvina@gmail.com<\/a><\/p>\n<p><strong>Di\u1ec7n t\u00edch m\u1eb7t b\u1eb1ng c\u00f4ng ty:<\/strong>\u00a025,435\u33a1<\/p>\n<p><strong>Di\u1ec7n t\u00edch x\u00e2y d\u1ef1ng nh\u00e0 x\u01b0\u1edfng:<\/strong> 15,000\u33a1<\/p>\n<div class=\"art-postcontent clearfix\">\n<div class=\"art-article\">\n<p><strong>7\/S\u01a1 \u0111\u1ed3 t\u1ed5 ch\u1ee9c<\/strong><\/p>\n<p><img loading=\"lazy\" decoding=\"async\" class=\"alignnone size-full wp-image-1255\" src=\"https:\/\/alphagreenvina.com\/wp-content\/uploads\/2024\/09\/3-1.png\" alt=\"\" width=\"967\" height=\"304\" srcset=\"https:\/\/alphagreenvina.com\/wp-content\/uploads\/2024\/09\/3-1.png 967w, https:\/\/alphagreenvina.com\/wp-content\/uploads\/2024\/09\/3-1-600x189.png 600w, https:\/\/alphagreenvina.com\/wp-content\/uploads\/2024\/09\/3-1-768x241.png 768w\" sizes=\"auto, (max-width: 967px) 100vw, 967px\" \/><\/p>\n<\/div>\n<p><img loading=\"lazy\" decoding=\"async\" class=\"alignnone size-full wp-image-1256\" src=\"https:\/\/alphagreenvina.com\/wp-content\/uploads\/2024\/09\/4.png\" alt=\"\" width=\"952\" height=\"299\" srcset=\"https:\/\/alphagreenvina.com\/wp-content\/uploads\/2024\/09\/4.png 952w, https:\/\/alphagreenvina.com\/wp-content\/uploads\/2024\/09\/4-600x188.png 600w, https:\/\/alphagreenvina.com\/wp-content\/uploads\/2024\/09\/4-768x241.png 768w\" sizes=\"auto, (max-width: 952px) 100vw, 952px\" \/><\/p>\n<p>&nbsp;<\/p>\n<\/div>\n","protected":false},"excerpt":{"rendered":"<p>GI\u1edaI THI\u1ec6U C\u00d4NG TY TNHH ALPHA GREEN TECH VINA &nbsp; L\u1eddi \u0111\u1ea7u ti\u00ean ch\u00fang t\u00f4i xin g\u1eedi l\u1eddi c\u1ea3m \u01a1n ch\u00e2n th\u00e0nh t\u1edbi qu\u00fd kh\u00e1ch h\u00e0ng \u0111\u00e3 gh\u00e9 th\u0103m c\u00f4ng ty ch\u00fang t\u00f4i. V\u1edbi \u00fd ni\u1ec7m r\u1eb1ng \u201cni\u1ec1m tin\u201d l\u00e0 t\u00e0i s\u1ea3n qu\u00fd gi\u00e1 nh\u1ea5t, ch\u00fang t\u00f4i lu\u00f4n coi kh\u00e1ch h\u00e0ng l\u00e0 gia \u0111\u00ecnh v\u00e0&#8230;<\/p>\n","protected":false},"author":2,"featured_media":0,"parent":0,"menu_order":0,"comment_status":"closed","ping_status":"closed","template":"","meta":{"footnotes":""},"class_list":["post-515","page","type-page","status-publish","hentry"],"_links":{"self":[{"href":"https:\/\/alphagreenvina.com\/index.php?rest_route=\/wp\/v2\/pages\/515","targetHints":{"allow":["GET"]}}],"collection":[{"href":"https:\/\/alphagreenvina.com\/index.php?rest_route=\/wp\/v2\/pages"}],"about":[{"href":"https:\/\/alphagreenvina.com\/index.php?rest_route=\/wp\/v2\/types\/page"}],"author":[{"embeddable":true,"href":"https:\/\/alphagreenvina.com\/index.php?rest_route=\/wp\/v2\/users\/2"}],"replies":[{"embeddable":true,"href":"https:\/\/alphagreenvina.com\/index.php?rest_route=%2Fwp%2Fv2%2Fcomments&post=515"}],"version-history":[{"count":14,"href":"https:\/\/alphagreenvina.com\/index.php?rest_route=\/wp\/v2\/pages\/515\/revisions"}],"predecessor-version":[{"id":1257,"href":"https:\/\/alphagreenvina.com\/index.php?rest_route=\/wp\/v2\/pages\/515\/revisions\/1257"}],"wp:attachment":[{"href":"https:\/\/alphagreenvina.com\/index.php?rest_route=%2Fwp%2Fv2%2Fmedia&parent=515"}],"curies":[{"name":"wp","href":"https:\/\/api.w.org\/{rel}","templated":true}]}}