{"id":18,"date":"2019-09-03T15:17:41","date_gmt":"2019-09-03T08:17:41","guid":{"rendered":"http:\/\/demo18.muathemewordpress.net\/?page_id=18"},"modified":"2025-03-17T12:00:21","modified_gmt":"2025-03-17T05:00:21","slug":"lien-he","status":"publish","type":"page","link":"https:\/\/alphagreenvina.com\/?page_id=18","title":{"rendered":"Li\u00ean h\u1ec7"},"content":{"rendered":"<h3><strong class=\"uppercase\">C\u00d4NG TY TNHH ALPHA GREEN TECH VINA<br \/>\n<\/strong><\/h3>\n<p><strong><b>\u203b LI\u00caN H\u1ec6 <\/b><\/strong><\/p>\n<p><strong>\u0110\u1ecba ch\u1ec9<\/strong>:CN &#8211; 05 Khu c\u00f4ng nghi\u1ec7p H\u00f2a Ph\u00fa, X\u00e3 Ch\u00e2u Minh, Huy\u1ec7n Hi\u1ec7p Ho\u00e0, T\u1ec9nh B\u1eafc Giang, Vi\u1ec7t Nam<br \/>\n<strong>\u0110i\u1ec7n tho\u1ea1i:<\/strong>\u00a00204 366 0000<br \/>\n<strong>Hotline: ( Ng\u01b0\u1eddi H\u00e0n ) : <\/strong>0901.383.510\u00a0 \u00a0 \u00a0 \u00a0 \u00a0 \u00a0<strong> Ng\u01b0\u1eddi Vi\u1ec7t<\/strong>\u00a0 : 0976.666.593<br \/>\n<strong>Email:<\/strong> alphagreentechvina@gmail.com<strong><br \/>\nWebsite:<\/strong>\u00a0www.alphagreenvina.com<\/p>\n<p><img loading=\"lazy\" decoding=\"async\" class=\"alignnone wp-image-1327\" src=\"https:\/\/alphagreenvina.com\/wp-content\/uploads\/2024\/09\/3-5.png\" alt=\"\" width=\"866\" height=\"169\" srcset=\"https:\/\/alphagreenvina.com\/wp-content\/uploads\/2024\/09\/3-5.png 1533w, https:\/\/alphagreenvina.com\/wp-content\/uploads\/2024\/09\/3-5-600x117.png 600w, https:\/\/alphagreenvina.com\/wp-content\/uploads\/2024\/09\/3-5-1200x234.png 1200w, https:\/\/alphagreenvina.com\/wp-content\/uploads\/2024\/09\/3-5-768x150.png 768w\" sizes=\"auto, (max-width: 866px) 100vw, 866px\" \/><\/p>\n<p><img loading=\"lazy\" decoding=\"async\" class=\"alignnone wp-image-1318\" src=\"https:\/\/alphagreenvina.com\/wp-content\/uploads\/2024\/09\/10.png\" alt=\"\" width=\"865\" height=\"101\" srcset=\"https:\/\/alphagreenvina.com\/wp-content\/uploads\/2024\/09\/10.png 1533w, https:\/\/alphagreenvina.com\/wp-content\/uploads\/2024\/09\/10-600x70.png 600w, https:\/\/alphagreenvina.com\/wp-content\/uploads\/2024\/09\/10-1200x140.png 1200w, https:\/\/alphagreenvina.com\/wp-content\/uploads\/2024\/09\/10-768x90.png 768w\" sizes=\"auto, (max-width: 865px) 100vw, 865px\" \/><\/p>\n<p>&nbsp;<\/p>\n<p><b>\u203b CH\u1ec8 \u0110\u01af\u1edcNG<\/b><\/p>\n<p><img loading=\"lazy\" decoding=\"async\" class=\"alignnone wp-image-1330\" src=\"https:\/\/alphagreenvina.com\/wp-content\/uploads\/2024\/09\/5-5.png\" alt=\"\" width=\"996\" height=\"595\" srcset=\"https:\/\/alphagreenvina.com\/wp-content\/uploads\/2024\/09\/5-5.png 1563w, https:\/\/alphagreenvina.com\/wp-content\/uploads\/2024\/09\/5-5-600x359.png 600w, https:\/\/alphagreenvina.com\/wp-content\/uploads\/2024\/09\/5-5-1200x717.png 1200w, https:\/\/alphagreenvina.com\/wp-content\/uploads\/2024\/09\/5-5-768x459.png 768w, https:\/\/alphagreenvina.com\/wp-content\/uploads\/2024\/09\/5-5-1536x918.png 1536w\" sizes=\"auto, (max-width: 996px) 100vw, 996px\" \/><\/p>\n","protected":false},"excerpt":{"rendered":"<p>C\u00d4NG TY TNHH ALPHA GREEN TECH VINA \u203b LI\u00caN H\u1ec6 \u0110\u1ecba ch\u1ec9:CN &#8211; 05 Khu c\u00f4ng nghi\u1ec7p H\u00f2a Ph\u00fa, X\u00e3 Ch\u00e2u Minh, Huy\u1ec7n Hi\u1ec7p Ho\u00e0, T\u1ec9nh B\u1eafc Giang, Vi\u1ec7t Nam \u0110i\u1ec7n tho\u1ea1i:\u00a00204 366 0000 Hotline: ( Ng\u01b0\u1eddi H\u00e0n ) : 0901.383.510\u00a0 \u00a0 \u00a0 \u00a0 \u00a0 \u00a0 Ng\u01b0\u1eddi Vi\u1ec7t\u00a0 : 0976.666.593 Email: alphagreentechvina@gmail.com Website:\u00a0www.alphagreenvina.com &nbsp; \u203b&#8230;<\/p>\n","protected":false},"author":2,"featured_media":0,"parent":0,"menu_order":0,"comment_status":"closed","ping_status":"closed","template":"","meta":{"footnotes":""},"class_list":["post-18","page","type-page","status-publish","hentry"],"_links":{"self":[{"href":"https:\/\/alphagreenvina.com\/index.php?rest_route=\/wp\/v2\/pages\/18","targetHints":{"allow":["GET"]}}],"collection":[{"href":"https:\/\/alphagreenvina.com\/index.php?rest_route=\/wp\/v2\/pages"}],"about":[{"href":"https:\/\/alphagreenvina.com\/index.php?rest_route=\/wp\/v2\/types\/page"}],"author":[{"embeddable":true,"href":"https:\/\/alphagreenvina.com\/index.php?rest_route=\/wp\/v2\/users\/2"}],"replies":[{"embeddable":true,"href":"https:\/\/alphagreenvina.com\/index.php?rest_route=%2Fwp%2Fv2%2Fcomments&post=18"}],"version-history":[{"count":16,"href":"https:\/\/alphagreenvina.com\/index.php?rest_route=\/wp\/v2\/pages\/18\/revisions"}],"predecessor-version":[{"id":1352,"href":"https:\/\/alphagreenvina.com\/index.php?rest_route=\/wp\/v2\/pages\/18\/revisions\/1352"}],"wp:attachment":[{"href":"https:\/\/alphagreenvina.com\/index.php?rest_route=%2Fwp%2Fv2%2Fmedia&parent=18"}],"curies":[{"name":"wp","href":"https:\/\/api.w.org\/{rel}","templated":true}]}}